{"id":94,"date":"2020-07-13T03:58:45","date_gmt":"2020-07-13T03:58:45","guid":{"rendered":"http:\/\/institutodegestalt.edu.mx\/home\/?page_id=94"},"modified":"2025-12-19T14:32:10","modified_gmt":"2025-12-19T20:32:10","slug":"tanatologia","status":"publish","type":"page","link":"https:\/\/institutodegestalt.edu.mx\/home\/tanatologia\/","title":{"rendered":"Tanatolog\u00eda"},"content":{"rendered":"\n<p><strong><u>Diplomado en Tanatolog\u00eda para Humanistas<\/u><\/strong><\/p>\n\n\n\n<p>Modalidad en l\u00ednea<\/p>\n\n\n\n<p>La tanatolog\u00eda es la disciplina que analiza el proceso de duelo que se vive ante una p\u00e9rdida: muerte de un ser querido, divorcio, jubilaci\u00f3n, diagn\u00f3stico de de enfermedades cr\u00f3nicas, muertes de mascotas.<\/p>\n\n\n\n<p>En este diplomado obtendr\u00e1s marcos te\u00f3ricos suficientes para comprender el proceso de duelo y proporcionar informaci\u00f3n y acompa\u00f1amiento a un doliente, a su familia y eventualmente acompa\u00f1ar a quien est\u00e9 en proceso de morir.<\/p>\n\n\n\n<p>Abierto a todo el p\u00fablico.<\/p>\n\n\n\n<p><strong>Duraci\u00f3n:<\/strong><\/p>\n\n\n\n<p>Un semestre<\/p>\n\n\n\n<p><strong>Horario:<\/strong><br>Martes de 17:00 a 21:00 Hrs.<\/p>\n\n\n\n<p><strong>Inicio:<\/strong><br>Febrero de 2025<\/p>\n","protected":false},"excerpt":{"rendered":"<p>Diplomado en Tanatolog\u00eda para Humanistas Modalidad en l\u00ednea La tanatolog\u00eda es la disciplina que analiza el proceso de duelo que se vive ante una p\u00e9rdida: muerte de un ser querido, divorcio, jubilaci\u00f3n, diagn\u00f3stico de de enfermedades cr\u00f3nicas, muertes de mascotas. En este diplomado obtendr\u00e1s marcos te\u00f3ricos suficientes para comprender el proceso de duelo y proporcionar [&hellip;]<\/p>\n","protected":false},"author":1,"featured_media":0,"parent":0,"menu_order":0,"comment_status":"closed","ping_status":"closed","template":"","meta":{"two_page_speed":{"current_score":{"desktop_score":80,"desktop_tti":"0.5\u00a0","mobile_score":98,"mobile_tti":"1.8\u00a0","date":"19.12.2025 02:32:32 pm","status":"completed"}},"footnotes":""},"class_list":["post-94","page","type-page","status-publish","hentry"],"_links":{"self":[{"href":"https:\/\/institutodegestalt.edu.mx\/home\/wp-json\/wp\/v2\/pages\/94","targetHints":{"allow":["GET"]}}],"collection":[{"href":"https:\/\/institutodegestalt.edu.mx\/home\/wp-json\/wp\/v2\/pages"}],"about":[{"href":"https:\/\/institutodegestalt.edu.mx\/home\/wp-json\/wp\/v2\/types\/page"}],"author":[{"embeddable":true,"href":"https:\/\/institutodegestalt.edu.mx\/home\/wp-json\/wp\/v2\/users\/1"}],"replies":[{"embeddable":true,"href":"https:\/\/institutodegestalt.edu.mx\/home\/wp-json\/wp\/v2\/comments?post=94"}],"version-history":[{"count":3,"href":"https:\/\/institutodegestalt.edu.mx\/home\/wp-json\/wp\/v2\/pages\/94\/revisions"}],"predecessor-version":[{"id":458,"href":"https:\/\/institutodegestalt.edu.mx\/home\/wp-json\/wp\/v2\/pages\/94\/revisions\/458"}],"wp:attachment":[{"href":"https:\/\/institutodegestalt.edu.mx\/home\/wp-json\/wp\/v2\/media?parent=94"}],"curies":[{"name":"wp","href":"https:\/\/api.w.org\/{rel}","templated":true}]}}