{"id":79,"date":"2020-07-13T03:49:23","date_gmt":"2020-07-13T03:49:23","guid":{"rendered":"http:\/\/institutodegestalt.edu.mx\/home\/?page_id=79"},"modified":"2025-12-19T11:22:42","modified_gmt":"2025-12-19T17:22:42","slug":"licenciatura-en-desarrollo-humano","status":"publish","type":"page","link":"https:\/\/institutodegestalt.edu.mx\/home\/licenciatura-en-desarrollo-humano\/","title":{"rendered":"Licenciatura en Desarrollo Humano"},"content":{"rendered":"\n<p><strong><u>LICENCIATURA EN DESARROLLO HUMANO<\/u><\/strong><\/p>\n\n\n\n<p>Reconocimiento de validez oficial de estudios (RVOE) 2006PO2309 del 20 de septiembre de 2006.<\/p>\n\n\n\n<p>Este programa capacita al estudiante como facilitador de procesos terap\u00e9uticos, crecimiento y cambio positivo con individuos, parejas, grupos, ni\u00f1os, adolescentes y organizaciones, fundament\u00e1ndose en la Psicolog\u00eda Humanista.<\/p>\n\n\n\n<p>Con un programa \u00fanico en M\u00e9xico, esta licenciatura forma al psicoterapeuta con la tecnolog\u00eda terap\u00e9utica m\u00e1s avanzada y efectiva que se conoce: la Psicoterapia Energ\u00e9tica, la Sincronizaci\u00f3n Cerebral (BST), las Constelaciones Familiares y la Psicoterapia Gestalt bas\u00e1ndose en la filosof\u00eda Humanista e integrando las actitudes propuestas por Rogers: la empat\u00eda, el respeto, la consideraci\u00f3n positiva incondicional y la congruencia.<\/p>\n\n\n\n<p>Durante tu formaci\u00f3n recibir\u00e1s 20 sesiones de terapia individual cada semestre, las cuales son impartidas por los docentes y est\u00e1n incluidas en tus pagos mensuales. Las pr\u00e1cticas supervisadas inician desde el tercer semestre, garantizando que las habilidades, t\u00e9cnicas y actitudes se integren plenamente.<\/p>\n\n\n\n<p><strong>CAMPOS DE TRABAJO<\/strong><\/p>\n\n\n\n<p>\u00b7 Consulta privada, atenci\u00f3n de procesos de desarrollo.<\/p>\n\n\n\n<p>\u00b7Programas de integraci\u00f3n, capacitaci\u00f3n, mejora de clima laboral, negociaci\u00f3n y promoci\u00f3n del talento humano en el \u00e1mbito empresarial.<\/p>\n\n\n\n<p>\u00b7 Creaci\u00f3n de programas en instituciones asistenciales o educativas ayudando en el procesamiento y resoluci\u00f3n de las problem\u00e1ticas que se presenten.<\/p>\n\n\n\n<p><strong>INICIO<\/strong><\/p>\n\n\n\n<p>Empezamos en Agosto<\/p>\n\n\n\n<p><strong>DURACI\u00d3N<\/strong><\/p>\n\n\n\n<p>8 semestres<\/p>\n\n\n\n<p><strong>HORARIO<\/strong><\/p>\n\n\n\n<p>De lunes a jueves de 8:30 a 13:30 hrs.<\/p>\n\n\n\n<p><strong>REQUISITOS DE INGRESO.<\/strong><\/p>\n\n\n\n<p>1. Entrevista informativa<\/p>\n\n\n\n<p>2. Examen de Admisi\u00f3n<\/p>\n\n\n\n<p>3. Entrega documentos: Certificado de Bachillerato o equivalente, acta de nacimiento original y 2 copias, 8 fotograf\u00edas tama\u00f1o infantil blanco y negro y copia de identificaci\u00f3n oficial.<\/p>\n\n\n\n<figure class=\"wp-block-table\"><table><tbody><tr><td><strong>PRIMER SEMESTRE<\/strong><\/td><td><strong>SEGUNDO SEMESTRE<\/strong><\/td><\/tr><tr><td>&#8211; Bases y Evoluci\u00f3n de la Psicolog\u00eda<br>&#8211; Desarrollo del Potencial Humano I<br>&#8211; Entrevista Humanista<br>&#8211; Apertura y aceptaci\u00f3n<br>&#8211; Psicolog\u00eda del Desarrollo I<br>-Taller de desarrollo personal I<\/td><td>&#8211; Desarrollo del Potencial Humano II<br>&#8211; Principios del Enfoque Centrado en la Persona<br>&#8211; Pr\u00e1cticas de Entrevista Humanista<br>&#8211; Bases y Proceso del Grupo de Encuentro<br>&#8211; Psicolog\u00eda del Desarrollo II<br>&#8211; Capacitaci\u00f3n y Did\u00e1ctica del Desarrollo Personal<br>-Taller de desarrollo Personal II<\/td><\/tr><tr><td><strong>TERCER SEMESTRE<\/strong><\/td><td><strong>CUARTO SEMESTRE<\/strong><\/td><\/tr><tr><td>&#8211; Trastornos Psicoemocionales<br>&#8211; Sistemas Humanos I<br>&#8211; Supervisi\u00f3n de Casos de Orientaci\u00f3n<br>&#8211; Teor\u00eda de la Comunicaci\u00f3n Humana<br>&#8211; Sentimientos<br>&#8211; Proceso Personal con Sistemas Humanos<br>-Taller de desarrollo Personal III<\/td><td>&#8211; Neurofisiolog\u00eda<br>&#8211; Bases del Desarrollo Organizacional<br>&#8211; Bases del Proceso Gest\u00e1ltico I<br>&#8211; Sistemas Humanos II<br>&#8211; \u00c9tica del Proceso de Desarrollo<br>&#8211; Proceso reeducativo Gestalt I<\/td><\/tr><tr><td><strong>QUINTO SEMESTRE<\/strong><\/td><td><strong>SEXTO SEMESTRE<\/strong><\/td><\/tr><tr><td>&#8211; Bases del Proceso Gest\u00e1ltico II<br>&#8211; Sensibilizaci\u00f3n Gestalt<br>&#8211; M\u00e9todos de Investigaci\u00f3n Cient\u00edfica<br>&#8211; Met\u00e1fora de la Disfunci\u00f3n<br>&#8211; Psicolog\u00eda Energ\u00e9tica I<br>&#8211; Proceso reeducativo Gestalt II<\/td><td>&#8211; Integraci\u00f3n del Aprendizaje de los Sue\u00f1os<br>&#8211; Estimulaci\u00f3n Bilateral<br>&#8211; T\u00e9cnicas de Investigaci\u00f3n Cient\u00edfica<br>&#8211; Supervisi\u00f3n Gest\u00e1ltica<br>&#8211; Trabajo con Ni\u00f1os I<br>&#8211; Psicolog\u00eda Energ\u00e9tica II<br>&#8211; Proceso reeducativo Gestalt III<\/td><\/tr><tr><td><strong>S\u00c9PTIMO SEMESTRE<\/strong><\/td><td><strong>OCTAVO SEMESTRE<\/strong><\/td><\/tr><tr><td>&#8211; Proceso con Parejas I<br>&#8211; Trabajo con Ni\u00f1os II<br>&#8211; Seminario de Titulaci\u00f3n I<br>&#8211; Sexualidad<br>&#8211; Trabajo con Grupos<br>&#8211; Bases del Trabajo con Adicciones<br>&#8211; T\u00e9cnicas de Estimulaci\u00f3n Bilateral y Psicolog\u00eda Energ\u00e9tica<\/td><td>&#8211; Trabajo con Adolescentes<br>&#8211; Proceso con Parejas II<br>&#8211; Seminario de Titulaci\u00f3n II<br>&#8211; Herramientas para el Desarrollo de Competencias Estrat\u00e9gicas<br>&#8211; Dimensi\u00f3n Transpersonal<br>&#8211; Pr\u00e1cticas de Orientaci\u00f3n.<\/td><\/tr><\/tbody><\/table><\/figure>\n\n\n\n<p>Pide informes al telef\u00f3no 7773228874 o a nuestro Whats App 777 536 8037:<\/p>\n\n\n\n<figure class=\"wp-block-image size-large is-resized\"><a href=\"https:\/\/wa.me\/527775368037?text=Me%20interesa%20recibir%20m\u00e1s%20informaci\u00f3n%20de%20la%20Licenciatura%20en%20Desarrollo%20Humano\" target=\"_blank\" rel=\"noopener\"><img loading=\"lazy\" decoding=\"async\" src=\"https:\/\/institutodegestalt.edu.mx\/home\/wp-content\/uploads\/2023\/07\/wa-wp.png\" alt=\"\" class=\"wp-image-357\" width=\"46\" height=\"47\"\/><\/a><\/figure>\n\n\n\n<p><\/p>\n","protected":false},"excerpt":{"rendered":"<p>LICENCIATURA EN DESARROLLO HUMANO Reconocimiento de validez oficial de estudios (RVOE) 2006PO2309 del 20 de septiembre de 2006. Este programa capacita al estudiante como facilitador de procesos terap\u00e9uticos, crecimiento y cambio positivo con individuos, parejas, grupos, ni\u00f1os, adolescentes y organizaciones, fundament\u00e1ndose en la Psicolog\u00eda Humanista. Con un programa \u00fanico en M\u00e9xico, esta licenciatura forma al [&hellip;]<\/p>\n","protected":false},"author":1,"featured_media":0,"parent":0,"menu_order":0,"comment_status":"closed","ping_status":"closed","template":"","meta":{"two_page_speed":{"current_score":{"desktop_score":80,"desktop_tti":"0.5\u00a0","mobile_score":98,"mobile_tti":"1.8\u00a0","date":"19.12.2025 11:23:03 am","status":"completed"}},"footnotes":""},"class_list":["post-79","page","type-page","status-publish","hentry"],"_links":{"self":[{"href":"https:\/\/institutodegestalt.edu.mx\/home\/wp-json\/wp\/v2\/pages\/79","targetHints":{"allow":["GET"]}}],"collection":[{"href":"https:\/\/institutodegestalt.edu.mx\/home\/wp-json\/wp\/v2\/pages"}],"about":[{"href":"https:\/\/institutodegestalt.edu.mx\/home\/wp-json\/wp\/v2\/types\/page"}],"author":[{"embeddable":true,"href":"https:\/\/institutodegestalt.edu.mx\/home\/wp-json\/wp\/v2\/users\/1"}],"replies":[{"embeddable":true,"href":"https:\/\/institutodegestalt.edu.mx\/home\/wp-json\/wp\/v2\/comments?post=79"}],"version-history":[{"count":9,"href":"https:\/\/institutodegestalt.edu.mx\/home\/wp-json\/wp\/v2\/pages\/79\/revisions"}],"predecessor-version":[{"id":534,"href":"https:\/\/institutodegestalt.edu.mx\/home\/wp-json\/wp\/v2\/pages\/79\/revisions\/534"}],"wp:attachment":[{"href":"https:\/\/institutodegestalt.edu.mx\/home\/wp-json\/wp\/v2\/media?parent=79"}],"curies":[{"name":"wp","href":"https:\/\/api.w.org\/{rel}","templated":true}]}}