{"id":73,"date":"2020-07-12T23:43:42","date_gmt":"2020-07-12T23:43:42","guid":{"rendered":"http:\/\/institutodegestalt.edu.mx\/home\/?page_id=73"},"modified":"2025-12-19T15:56:03","modified_gmt":"2025-12-19T21:56:03","slug":"especialidad-en-enfoque-centrado-en-la-persona","status":"publish","type":"page","link":"https:\/\/institutodegestalt.edu.mx\/home\/especialidad-en-enfoque-centrado-en-la-persona\/","title":{"rendered":"Especialidad en Enfoque Centrado en la Persona"},"content":{"rendered":"\n<p><strong><u>ESPECIALIDAD EN ENFOQUE CENTRADO EN LA PERSONA<\/u><\/strong><strong><\/strong><\/p>\n\n\n\n<p>RVOE 2006PO3019 de fecha 15 de marzo del 2006.<\/p>\n\n\n\n<p>Es un programa de formaci\u00f3n profesional donde el estudiante se capacita para facilitar procesos de orientaci\u00f3n no directiva (counseling), desarrollando actitudes que favorecen la toma de consciencia, la responsabilizaci\u00f3n, el contacto con las propias potencialidades as\u00ed como herramientas de intervenci\u00f3n que facilitan la comunicaci\u00f3n humana y la comprensi\u00f3n profunda en las relaciones.<\/p>\n\n\n\n<p>El Enfoque Centrado en la Persona se puede aplicar en sesiones de orientaci\u00f3n uno a uno, en el \u00e1mbito de la educaci\u00f3n, consultor\u00eda, medicina, servicio social y en todas aquellas situaciones que requieran facilitar procesos humanos.<\/p>\n\n\n\n<p>Las actitudes y herramientas adquiridas en esta Especialidad son fundamentales para establecer un contexto terap\u00e9utico Humanista, por lo que es prerrequisito para cursar cualquier programa de Especialidad en el Instituto.<\/p>\n\n\n\n<p><strong>Al finalizar su formaci\u00f3n el egresado ser\u00e1 capaz de:<\/strong><\/p>\n\n\n\n<p>\u00b7 Llevar a cabo sesiones de orientaci\u00f3n individual.<\/p>\n\n\n\n<p>\u00b7 Generar y promover un ambiente de confianza y respeto.<\/p>\n\n\n\n<p>\u00b7 Utilizar m\u00e9todos, t\u00e9cnicas y herramientas de comunicaci\u00f3n que le permitan promover la reflexi\u00f3n, el desarrollo de sus potencialidades, la responsabilizaci\u00f3n, la autoexploraci\u00f3n e incrementar su autoestima.<\/p>\n\n\n\n<p>\u00b7 Aplicar los conocimientos, habilidades y actitudes de liderazgo facilitando procesos humanos en diferentes contextos: familiar, laboral, social.<\/p>\n\n\n\n<p><strong>DIRIGIDO A<\/strong><\/p>\n\n\n\n<p>Psic\u00f3logos, psicoterapeutas, maestros, orientadores educativos, trabajadores sociales y comunitarios, m\u00e9dicos, odont\u00f3logos, tanat\u00f3logos, consejeros espirituales, directivos empresariales y del \u00e1rea de recursos humanos as\u00ed como toda persona que requiera desarrollar herramientas de comunicaci\u00f3n y\/o facilitar procesos humanos.<\/p>\n\n\n\n<p><strong>DURACI\u00d3N<\/strong><\/p>\n\n\n\n<p>Tres semestres, asistiendo a una clase de cuatro horas, una vez a la semana. Se cubrir\u00e1n adem\u00e1s dos cursos intensivos de fin de semana y tomar 30 sesiones individuales de orientaci\u00f3n.<\/p>\n\n\n\n<p><strong>HORARIOS<\/strong><\/p>\n\n\n\n<p>Matutino:&nbsp;Mi\u00e9rcoles&nbsp;de 9:30 a 13:30 hrs.<\/p>\n\n\n\n<p>Vespertino: Mi\u00e9rcoles de 17:00 a 21:00 hrs. (en l\u00ednea)<\/p>\n\n\n\n<p><strong>INICIO DEL PROGRAMA<\/strong><\/p>\n\n\n\n<p><\/p>\n\n\n\n<p><em>* Es necesario llevar a cabo una entrevista de admisi\u00f3n.<\/em><\/p>\n","protected":false},"excerpt":{"rendered":"<p>ESPECIALIDAD EN ENFOQUE CENTRADO EN LA PERSONA RVOE 2006PO3019 de fecha 15 de marzo del 2006. Es un programa de formaci\u00f3n profesional donde el estudiante se capacita para facilitar procesos de orientaci\u00f3n no directiva (counseling), desarrollando actitudes que favorecen la toma de consciencia, la responsabilizaci\u00f3n, el contacto con las propias potencialidades as\u00ed como herramientas de [&hellip;]<\/p>\n","protected":false},"author":1,"featured_media":0,"parent":0,"menu_order":0,"comment_status":"closed","ping_status":"closed","template":"","meta":{"two_page_speed":{"current_score":{"desktop_score":80,"desktop_tti":"0.5\u00a0","mobile_score":97,"mobile_tti":"2.1\u00a0","date":"19.12.2025 03:56:23 pm","status":"completed"}},"footnotes":""},"class_list":["post-73","page","type-page","status-publish","hentry"],"_links":{"self":[{"href":"https:\/\/institutodegestalt.edu.mx\/home\/wp-json\/wp\/v2\/pages\/73","targetHints":{"allow":["GET"]}}],"collection":[{"href":"https:\/\/institutodegestalt.edu.mx\/home\/wp-json\/wp\/v2\/pages"}],"about":[{"href":"https:\/\/institutodegestalt.edu.mx\/home\/wp-json\/wp\/v2\/types\/page"}],"author":[{"embeddable":true,"href":"https:\/\/institutodegestalt.edu.mx\/home\/wp-json\/wp\/v2\/users\/1"}],"replies":[{"embeddable":true,"href":"https:\/\/institutodegestalt.edu.mx\/home\/wp-json\/wp\/v2\/comments?post=73"}],"version-history":[{"count":4,"href":"https:\/\/institutodegestalt.edu.mx\/home\/wp-json\/wp\/v2\/pages\/73\/revisions"}],"predecessor-version":[{"id":502,"href":"https:\/\/institutodegestalt.edu.mx\/home\/wp-json\/wp\/v2\/pages\/73\/revisions\/502"}],"wp:attachment":[{"href":"https:\/\/institutodegestalt.edu.mx\/home\/wp-json\/wp\/v2\/media?parent=73"}],"curies":[{"name":"wp","href":"https:\/\/api.w.org\/{rel}","templated":true}]}}