{"id":70,"date":"2020-07-12T23:41:25","date_gmt":"2020-07-12T23:41:25","guid":{"rendered":"http:\/\/institutodegestalt.edu.mx\/home\/?page_id=70"},"modified":"2025-12-11T17:41:10","modified_gmt":"2025-12-11T23:41:10","slug":"maestria-en-coaching-y-desarrollo-organizacional","status":"publish","type":"page","link":"https:\/\/institutodegestalt.edu.mx\/home\/maestria-en-coaching-y-desarrollo-organizacional\/","title":{"rendered":"Maestr\u00eda en Coaching y Desarrollo Organizacional"},"content":{"rendered":"<b>Programa acad\u00e9mico en l\u00ednea \u2013 4 semestres<\/b>\n<div align=\"center\">\n\n<hr align=\"center\" \/>\n\n<\/div>\n<b>Introducci\u00f3n<\/b>\n\nEl mundo laboral actual exige l\u00edderes y\nprofesionales capaces de acompa\u00f1ar a las personas y organizaciones en procesos\nde cambio profundo. La\u00a0<b>Maestr\u00eda en Coaching y Desarrollo Organizacional<\/b>\u00a0responde\na esta necesidad con una propuesta acad\u00e9mica innovadora que integra el\u00a0<b>coaching\nhumanista de inspiraci\u00f3n rogeriana<\/b>\u00a0con estrategias de desarrollo\norganizacional enfocadas en mejorar el clima laboral.\n\nEste programa, impartido en modalidad\u00a0<b>100%\nen l\u00ednea<\/b>\u00a0y con una duraci\u00f3n de\u00a0<b>cuatro semestres<\/b>, ofrece un\nmodelo de formaci\u00f3n flexible, riguroso y orientado a la pr\u00e1ctica, que permite a\nlos participantes crecer profesionalmente sin descuidar su vida personal y\nlaboral.\n<div align=\"center\">\n\n<hr align=\"center\" \/>\n\n<\/div>\n<b>Filosof\u00eda\ndel programa: un coaching humanista<\/b>\n\nA diferencia de enfoques centrados \u00fanicamente en\nmetas externas o productividad, nuestro programa se inspira en la\u00a0<b>psicolog\u00eda\nhumanista<\/b>\u00a0de Carl Rogers. Este modelo plantea que todo ser humano\ntiene un potencial innato de desarrollo, el cual florece en un contexto de\u00a0<b>autenticidad,\naceptaci\u00f3n y empat\u00eda<\/b>.\n\nEl\u00a0<b>coaching humanista<\/b>\u00a0es, as\u00ed, un\nproceso de acompa\u00f1amiento que reconoce la dignidad de la persona y potencia su\ncapacidad de autoconocimiento, elecci\u00f3n y cambio. Aplicado al \u00e1mbito laboral,\npromueve equipos m\u00e1s sanos, relaciones m\u00e1s aut\u00e9nticas y organizaciones m\u00e1s\ncreativas.\n<div align=\"center\">\n\n<hr align=\"center\" \/>\n\n<\/div>\n<b>Objetivos\nde la Maestr\u00eda<\/b>\n\nLa maestr\u00eda busca formar profesionales con\ncompetencias en dos \u00e1reas clave:\n\n<b>Coaching\nhumanista en el \u00e1mbito laboral<\/b>\n<ul type=\"disc\">\n \t<li>Desarrollar procesos de acompa\u00f1amiento\nindividual y grupal.<\/li>\n \t<li>Aplicar t\u00e9cnicas de escucha activa y empat\u00eda.<\/li>\n \t<li>Fomentar liderazgos aut\u00e9nticos y sensibles a\nlas personas.<\/li>\n<\/ul>\n<b>Desarrollo\norganizacional<\/b>\n<ul type=\"disc\">\n \t<li>Diagnosticar problem\u00e1ticas y \u00e1reas de mejora\nen el clima laboral.<\/li>\n \t<li>Dise\u00f1ar intervenciones alineadas con la\ncultura de la organizaci\u00f3n.<\/li>\n \t<li>Implementar programas que promuevan\nproductividad, colaboraci\u00f3n y bienestar.<\/li>\n<\/ul>\n<div align=\"center\">\n\n<hr align=\"center\" \/>\n\n<\/div>\n<b>Estructura\nacad\u00e9mica<\/b>\n\nEl plan de estudios de la\u00a0<b>Maestr\u00eda en\nCoaching y Desarrollo Organizacional<\/b>\u00a0se cursa en\u00a0<b>cuatro\nsemestres<\/b>\u00a0e integra teor\u00eda, pr\u00e1ctica y reflexi\u00f3n:\n\n<b>Primer\nsemestre<\/b>\n<ul type=\"disc\">\n \t<li>Teor\u00eda y T\u00e9cnica de la Entrevista Humanista.<\/li>\n \t<li>Bases del Desarrollo Humano.<\/li>\n \t<li>Integraci\u00f3n del Aprendizaje.<\/li>\n \t<li>Fundamentos de la Administraci\u00f3n.<\/li>\n<\/ul>\n<b>Segundo\nsemestre<\/b>\n<ul type=\"disc\">\n \t<li>Pr\u00e1cticas Supervisadas de la Entrevista\nHumanista.<\/li>\n \t<li>Sentimientos y Comunicaci\u00f3n.<\/li>\n \t<li>Reconocimiento de Necesidades de Atenci\u00f3n.<\/li>\n \t<li>Desarrollo Organizacional<\/li>\n<\/ul>\n<b>Tercer\nsemestre<\/b>\n<ul type=\"disc\">\n \t<li>Supervisi\u00f3n de Casos.<\/li>\n \t<li>Coaching.<\/li>\n \t<li>Pensamiento Sist\u00e9mico y Liderazgo<\/li>\n \t<li>Contexto y Legislaci\u00f3n Laboral.<\/li>\n<\/ul>\n<b>Cuarto\nsemestre<\/b>\n<ul type=\"disc\">\n \t<li>Seminario de Tesis.<\/li>\n<\/ul>\n<div align=\"center\">\n\n<hr align=\"center\" \/>\n\n<\/div>\n<b>Perfil\nde ingreso<\/b>\n\nLa maestr\u00eda est\u00e1 dirigida a:\n<ul type=\"disc\">\n \t<li>Profesionales de psicolog\u00eda, administraci\u00f3n,\nrecursos humanos, pedagog\u00eda, trabajo social y \u00e1reas afines.<\/li>\n \t<li>L\u00edderes y directivos que deseen fortalecer sus\nhabilidades de gesti\u00f3n y acompa\u00f1amiento.<\/li>\n \t<li>Consultores y agentes comunitarios interesados\nen aplicar el\u00a0<b>coaching humanista<\/b>\u00a0en entornos laborales.<\/li>\n<\/ul>\n<div align=\"center\">\n\n<hr align=\"center\" \/>\n\n<\/div>\n<b>Perfil\nde egreso<\/b>\n\nAl finalizar, los egresados podr\u00e1n:\n<ul type=\"disc\">\n \t<li>Desarrollar procesos de coaching humanista en\norganizaciones.<\/li>\n \t<li>Diagnosticar y proponer mejoras en el clima\nlaboral.<\/li>\n \t<li>Facilitar procesos de cambio individual y\ngrupal.<\/li>\n \t<li>Dise\u00f1ar programas de formaci\u00f3n y\nacompa\u00f1amiento a equipos.<\/li>\n \t<li>Aplicar principios \u00e9ticos y humanistas en la\npr\u00e1ctica profesional.<\/li>\n<\/ul>\n<div align=\"center\">\n\n<hr align=\"center\" \/>\n\n<\/div>\n<b>Modalidad\ny beneficios<\/b>\n\nLa maestr\u00eda se imparte en\u00a0<b>modalidad en\nl\u00ednea<\/b>, con acceso a clases sincr\u00f3nicas, materiales digitales y\nacompa\u00f1amiento constante.\n\n<b>Beneficios principales:<\/b>\n<ul type=\"disc\">\n \t<li>Interacci\u00f3n en tiempo real con docentes y\ncompa\u00f1eros.<\/li>\n \t<li>Acompa\u00f1amiento en proyectos aplicados al\n\u00e1mbito laboral.<\/li>\n \t<li><b>Titulaci\u00f3n con validez oficial<\/b>.<\/li>\n<\/ul>\n<div align=\"center\">\n\n<hr align=\"center\" \/>\n\n<\/div>\n<b>Conclusi\u00f3n<\/b>\n\nLa\u00a0<b>Maestr\u00eda en Coaching y Desarrollo\nOrganizacional<\/b>\u00a0ofrece una formaci\u00f3n \u00fanica en Latinoam\u00e9rica: une la\nsensibilidad del\u00a0<b>coaching humanista rogeriano<\/b>\u00a0con la solidez\ndel desarrollo organizacional moderno.\n\nM\u00e1s all\u00e1 de t\u00e9cnicas, busca formar profesionales\nque acompa\u00f1en a las personas y organizaciones a crecer con\u00a0<b>\u00e9tica,\nrespeto y autenticidad<\/b>, mejorando tanto el clima laboral como la vida de\nquienes lo integran.\n<div align=\"center\">\n\n<hr align=\"center\" \/>\n\n<\/div>\n<b>No pierdas tiempo<\/b>\n\n\ud83d\udc49 Da el siguiente paso en tu desarrollo profesional.\nInscr\u00edbete en la\u00a0<b>Maestr\u00eda en Coaching y Desarrollo Organizacional<\/b>\u00a0y\nconvi\u00e9rtete en un agente de cambio en el mundo laboral.\n\n\ud83d\udccc Pide informes al telef\u00f3no 7773228874 o a nuestro Whats App 777 536 8037:\n\n<!-- \/wp:post-content --><!-- wp:image -->\n<figure class=\"wp-block-image size-large is-resized\"><a href=\"https:\/\/wa.me\/527775368037?text=Me%20interesa%20recibir%20m\u00e1s%20informaci\u00f3n%20de%20la%20Maestr\u00eda%20en%20Coaching%20y%20Desarrollo%20Organizacional\" target=\"_blank\" rel=\"noopener\"><img loading=\"lazy\" decoding=\"async\" class=\"wp-image-357\" src=\"https:\/\/institutodegestalt.edu.mx\/home\/wp-content\/uploads\/2023\/07\/wa-wp.png\" alt=\"\" width=\"46\" height=\"47\" \/><\/a><\/figure>","protected":false},"excerpt":{"rendered":"<p>Programa acad\u00e9mico en l\u00ednea \u2013 4 semestres Introducci\u00f3n El mundo laboral actual exige l\u00edderes y profesionales capaces de acompa\u00f1ar a las personas y organizaciones en procesos de cambio profundo. La\u00a0Maestr\u00eda en Coaching y Desarrollo Organizacional\u00a0responde a esta necesidad con una propuesta acad\u00e9mica innovadora que integra el\u00a0coaching humanista de inspiraci\u00f3n rogeriana\u00a0con estrategias de desarrollo organizacional enfocadas [&hellip;]<\/p>\n","protected":false},"author":1,"featured_media":0,"parent":0,"menu_order":0,"comment_status":"closed","ping_status":"closed","template":"","meta":{"two_page_speed":{"current_score":{"desktop_score":100,"desktop_tti":"0.5\u00a0","mobile_score":95,"mobile_tti":"2.5\u00a0","date":"11.12.2025 07:42:38 am","status":"error_no_score"}},"footnotes":""},"class_list":["post-70","page","type-page","status-publish","hentry"],"_links":{"self":[{"href":"https:\/\/institutodegestalt.edu.mx\/home\/wp-json\/wp\/v2\/pages\/70","targetHints":{"allow":["GET"]}}],"collection":[{"href":"https:\/\/institutodegestalt.edu.mx\/home\/wp-json\/wp\/v2\/pages"}],"about":[{"href":"https:\/\/institutodegestalt.edu.mx\/home\/wp-json\/wp\/v2\/types\/page"}],"author":[{"embeddable":true,"href":"https:\/\/institutodegestalt.edu.mx\/home\/wp-json\/wp\/v2\/users\/1"}],"replies":[{"embeddable":true,"href":"https:\/\/institutodegestalt.edu.mx\/home\/wp-json\/wp\/v2\/comments?post=70"}],"version-history":[{"count":14,"href":"https:\/\/institutodegestalt.edu.mx\/home\/wp-json\/wp\/v2\/pages\/70\/revisions"}],"predecessor-version":[{"id":562,"href":"https:\/\/institutodegestalt.edu.mx\/home\/wp-json\/wp\/v2\/pages\/70\/revisions\/562"}],"wp:attachment":[{"href":"https:\/\/institutodegestalt.edu.mx\/home\/wp-json\/wp\/v2\/media?parent=70"}],"curies":[{"name":"wp","href":"https:\/\/api.w.org\/{rel}","templated":true}]}}