{"id":67,"date":"2020-07-12T23:39:43","date_gmt":"2020-07-12T23:39:43","guid":{"rendered":"http:\/\/institutodegestalt.edu.mx\/home\/?page_id=67"},"modified":"2025-12-19T17:50:36","modified_gmt":"2025-12-19T23:50:36","slug":"maestria","status":"publish","type":"page","link":"https:\/\/institutodegestalt.edu.mx\/home\/maestria\/","title":{"rendered":"Maestr\u00eda en Educaci\u00f3n Centrada en la Persona"},"content":{"rendered":"\n<p><strong><u>MAESTR\u00cdA EN EDUCACI\u00d3N CENTRADA EN LA PERSONA<\/u><\/strong><\/p>\n\n\n\n<p>Esta formaci\u00f3n se basa en la obra de Carl Rogers y tiene como objetivo lograr que el estudiante integre los conocimientos, actitudes y habilidades para convertirse en &nbsp;un facilitador del proceso aprendizaje, que promover\u00e1 en sus alumnos:<\/p>\n\n\n\n<p>*La capacidad de reflexi\u00f3n y de obtener &nbsp;sus propias conclusiones para encontrar soluciones a problemas reales.<\/p>\n\n\n\n<p>*La identificaci\u00f3n y el desarrollo de su propio estilo de aprendizaje.<\/p>\n\n\n\n<p>*El uso de comunicaci\u00f3n efectiva.<\/p>\n\n\n\n<p>*La capacidad de responsabilizarse por sus propias acciones.<\/p>\n\n\n\n<p>*El contacto con sus propias emociones y con las de los dem\u00e1s.<\/p>\n\n\n\n<p>*La capacidad de elegir por s\u00ed mismo.<\/p>\n\n\n\n<p>*Desarrollar la autoconfianza.<\/p>\n\n\n\n<p>*La apreciaci\u00f3n de &nbsp;su individualidad y la de los dem\u00e1s.<\/p>\n\n\n\n<p>As\u00ed ser\u00e1 no solo un instructor o transmisor de informaci\u00f3n, sino un promotor del desarrollo de las potencialidades contenidas en el estudiante, respetando su dignidad y valor \u00fanicos.<\/p>\n\n\n\n<p><strong>DIRIGIDO A<\/strong><\/p>\n\n\n\n<p>Profesionales de la Educaci\u00f3n y cualquier persona interesada en facilitar procesos de aprendizaje.<\/p>\n\n\n\n<p><strong>REQUISITOS DE INGRESO<\/strong><\/p>\n\n\n\n<p>Licenciatura.<\/p>\n\n\n\n<p>Entrevista Informativa.<\/p>\n\n\n\n<p><strong>DURACI\u00d3N<\/strong><\/p>\n\n\n\n<p>4 semestres.<\/p>\n\n\n\n<p><strong>MODALIDADES:<\/strong><br>En L\u00ednea, plataforma Classroom.<\/p>\n\n\n\n<p><strong>HORARIO<\/strong>:<br>Mi\u00e9rcoles de 17:00 a 21:00 hrs y S\u00e1bado de 9:00 a 11:00 hrs<\/p>\n\n\n\n<p>Incluye sesiones de orientaci\u00f3n individual que se calendarizar\u00e1n en com\u00fan acuerdo de terapeuta y estudiante.<\/p>\n\n\n\n<p>El pago de colegiatura incluye las sesiones de orientaci\u00f3n individual que ser\u00e1n 16 el primer semestre y 16 el segundo semestre.<\/p>\n\n\n\n<p><strong>PLAN DE ESTUDIOS<\/strong><\/p>\n\n\n\n<figure class=\"wp-block-table\"><table><tbody><tr><td><strong>PRIMER SEMESTRE<\/strong><\/td><td><strong>SEGUNDO SEMESTRE<\/strong><\/td><\/tr><tr><td><br>\u2022 Teor\u00eda y T\u00e9cnica de la Entrevista Humanista<br>\u2022 Bases del Desarrollo Humano<br>\u2022 Integraci\u00f3n del Aprendizaje I<br>\u2022 Detecci\u00f3n de Alteraciones en el Aprendizaje<br><\/td><td>\u2022 Reconocimiento de Necesidades de Atenci\u00f3n<br>\u2022 Pr\u00e1cticas Supervisadas de la Entrevista Humanista<br>\u2022 Trabajo con Grupos<br>\u2022 Promoci\u00f3n del Aprendizaje<\/td><\/tr><tr><td><strong>TERCER SEMESTRE<\/strong><\/td><td><strong>CUARTO SEMESTRE<\/strong><\/td><\/tr><tr><td>\u2022 Asertividad y Manejo del Conflicto<br>\u2022 Educaci\u00f3n Centrada en la Persona<br>\u2022 Sentimientos.<br>\u2022 Supervisi\u00f3n de Casos.<\/td><td>\u2022 Seminario de Tesis<br><\/td><\/tr><\/tbody><\/table><\/figure>\n\n\n\n<p>Pide informes al telef\u00f3no 7773228874 o a nuestro Whats App 777 536 8037:<\/p>\n\n\n\n<figure class=\"wp-block-image size-large is-resized\"><a href=\"https:\/\/wa.me\/527775368037?text=Me%20interesa%20recibir%20m\u00e1s%20informaci\u00f3n%20de%20la%20Maestr\u00eda%20en%20Educaci\u00f3n\" target=\"_blank\" rel=\"noopener\"><img loading=\"lazy\" decoding=\"async\" width=\"150\" height=\"152\" src=\"https:\/\/institutodegestalt.edu.mx\/home\/wp-content\/uploads\/2023\/07\/wa-wp.png\" alt=\"\" class=\"wp-image-357\" style=\"width:46px;height:47px\"\/><\/a><\/figure>\n","protected":false},"excerpt":{"rendered":"<p>MAESTR\u00cdA EN EDUCACI\u00d3N CENTRADA EN LA PERSONA Esta formaci\u00f3n se basa en la obra de Carl Rogers y tiene como objetivo lograr que el estudiante integre los conocimientos, actitudes y habilidades para convertirse en &nbsp;un facilitador del proceso aprendizaje, que promover\u00e1 en sus alumnos: *La capacidad de reflexi\u00f3n y de obtener &nbsp;sus propias conclusiones para [&hellip;]<\/p>\n","protected":false},"author":1,"featured_media":0,"parent":0,"menu_order":0,"comment_status":"closed","ping_status":"closed","template":"","meta":{"two_page_speed":{"current_score":{"desktop_score":80,"desktop_tti":"0.5\u00a0","mobile_score":98,"mobile_tti":"1.8\u00a0","date":"19.12.2025 05:50:58 pm","status":"completed"}},"footnotes":""},"class_list":["post-67","page","type-page","status-publish","hentry"],"_links":{"self":[{"href":"https:\/\/institutodegestalt.edu.mx\/home\/wp-json\/wp\/v2\/pages\/67","targetHints":{"allow":["GET"]}}],"collection":[{"href":"https:\/\/institutodegestalt.edu.mx\/home\/wp-json\/wp\/v2\/pages"}],"about":[{"href":"https:\/\/institutodegestalt.edu.mx\/home\/wp-json\/wp\/v2\/types\/page"}],"author":[{"embeddable":true,"href":"https:\/\/institutodegestalt.edu.mx\/home\/wp-json\/wp\/v2\/users\/1"}],"replies":[{"embeddable":true,"href":"https:\/\/institutodegestalt.edu.mx\/home\/wp-json\/wp\/v2\/comments?post=67"}],"version-history":[{"count":12,"href":"https:\/\/institutodegestalt.edu.mx\/home\/wp-json\/wp\/v2\/pages\/67\/revisions"}],"predecessor-version":[{"id":511,"href":"https:\/\/institutodegestalt.edu.mx\/home\/wp-json\/wp\/v2\/pages\/67\/revisions\/511"}],"wp:attachment":[{"href":"https:\/\/institutodegestalt.edu.mx\/home\/wp-json\/wp\/v2\/media?parent=67"}],"curies":[{"name":"wp","href":"https:\/\/api.w.org\/{rel}","templated":true}]}}