{"id":64,"date":"2020-07-12T23:37:13","date_gmt":"2020-07-12T23:37:13","guid":{"rendered":"http:\/\/institutodegestalt.edu.mx\/home\/?page_id=64"},"modified":"2025-12-19T12:10:23","modified_gmt":"2025-12-19T18:10:23","slug":"asesores-academicos","status":"publish","type":"page","link":"https:\/\/institutodegestalt.edu.mx\/home\/asesores-academicos\/","title":{"rendered":"Asesores Acad\u00e9micos"},"content":{"rendered":"\n<p><strong><u>ASESORES ACADEMICOS<\/u><\/strong><\/p>\n\n\n\n<p>Psict. Patzia Gonz\u00e1lez Baz.<\/p>\n\n\n\n<p>Sandi Radomski, Phd.<\/p>\n\n\n\n<p>John Hartung, Phd.<\/p>\n\n\n\n<p>Psict. M\u00f3nica Marg\u00e1in Castro.<\/p>\n","protected":false},"excerpt":{"rendered":"<p>ASESORES ACADEMICOS Psict. Patzia Gonz\u00e1lez Baz. Sandi Radomski, Phd. John Hartung, Phd. Psict. M\u00f3nica Marg\u00e1in Castro.<\/p>\n","protected":false},"author":1,"featured_media":0,"parent":0,"menu_order":0,"comment_status":"closed","ping_status":"closed","template":"","meta":{"two_page_speed":{"current_score":{"desktop_score":80,"desktop_tti":"0.5\u00a0","mobile_score":97,"mobile_tti":"2.3\u00a0","date":"19.12.2025 12:10:43 pm","status":"completed"}},"footnotes":""},"class_list":["post-64","page","type-page","status-publish","hentry"],"_links":{"self":[{"href":"https:\/\/institutodegestalt.edu.mx\/home\/wp-json\/wp\/v2\/pages\/64","targetHints":{"allow":["GET"]}}],"collection":[{"href":"https:\/\/institutodegestalt.edu.mx\/home\/wp-json\/wp\/v2\/pages"}],"about":[{"href":"https:\/\/institutodegestalt.edu.mx\/home\/wp-json\/wp\/v2\/types\/page"}],"author":[{"embeddable":true,"href":"https:\/\/institutodegestalt.edu.mx\/home\/wp-json\/wp\/v2\/users\/1"}],"replies":[{"embeddable":true,"href":"https:\/\/institutodegestalt.edu.mx\/home\/wp-json\/wp\/v2\/comments?post=64"}],"version-history":[{"count":2,"href":"https:\/\/institutodegestalt.edu.mx\/home\/wp-json\/wp\/v2\/pages\/64\/revisions"}],"predecessor-version":[{"id":220,"href":"https:\/\/institutodegestalt.edu.mx\/home\/wp-json\/wp\/v2\/pages\/64\/revisions\/220"}],"wp:attachment":[{"href":"https:\/\/institutodegestalt.edu.mx\/home\/wp-json\/wp\/v2\/media?parent=64"}],"curies":[{"name":"wp","href":"https:\/\/api.w.org\/{rel}","templated":true}]}}