{"id":58,"date":"2020-07-12T23:31:31","date_gmt":"2020-07-12T23:31:31","guid":{"rendered":"http:\/\/institutodegestalt.edu.mx\/home\/?page_id=58"},"modified":"2025-12-11T17:45:31","modified_gmt":"2025-12-11T23:45:31","slug":"validez","status":"publish","type":"page","link":"https:\/\/institutodegestalt.edu.mx\/home\/validez\/","title":{"rendered":"Validez"},"content":{"rendered":"\n<p><strong>VALIDEZ<\/strong><\/p>\n\n\n\n<p>Nuestros programas de Licenciatura en Desarrollo Humano; especialidades en Enfoque Centrado en la Persona y Psicoterapia Gestalt; y maestr\u00edas en Educaci\u00f3n Centrada en la Persona y Coaching y Desarrollo Organizacional, cuentan con Reconocimiento de Validez Oficial por parte de las autoridades educativas. Expidiendo, al cubrir el total de cr\u00e9ditos y cubriendo requisitos de cada programa, respectivamente t\u00edtulo de Licenciado en Desarrollo Humano; diplomas de Orientador Humanista; psicoterapeuta Gestalt; y grado de Maestro en Educaci\u00f3n Centrada en la Persona y Coaching en Desarrollo Organizacional. Todos ellos con derecho a c\u00e9dula expedida por la Direcci\u00f3n General de Profesiones de la Secretar\u00eda de Educaci\u00f3n P\u00fablica.<\/p>\n","protected":false},"excerpt":{"rendered":"<p>VALIDEZ Nuestros programas de Licenciatura en Desarrollo Humano; especialidades en Enfoque Centrado en la Persona y Psicoterapia Gestalt; y maestr\u00edas en Educaci\u00f3n Centrada en la Persona y Coaching y Desarrollo Organizacional, cuentan con Reconocimiento de Validez Oficial por parte de las autoridades educativas. Expidiendo, al cubrir el total de cr\u00e9ditos y cubriendo requisitos de cada [&hellip;]<\/p>\n","protected":false},"author":1,"featured_media":0,"parent":0,"menu_order":0,"comment_status":"closed","ping_status":"closed","template":"","meta":{"two_page_speed":{"current_score":{"desktop_score":99,"desktop_tti":"0.5\u00a0","mobile_score":98,"mobile_tti":"1.8\u00a0","date":"11.12.2025 07:36:35 am","status":"error_no_score"}},"footnotes":""},"class_list":["post-58","page","type-page","status-publish","hentry"],"_links":{"self":[{"href":"https:\/\/institutodegestalt.edu.mx\/home\/wp-json\/wp\/v2\/pages\/58","targetHints":{"allow":["GET"]}}],"collection":[{"href":"https:\/\/institutodegestalt.edu.mx\/home\/wp-json\/wp\/v2\/pages"}],"about":[{"href":"https:\/\/institutodegestalt.edu.mx\/home\/wp-json\/wp\/v2\/types\/page"}],"author":[{"embeddable":true,"href":"https:\/\/institutodegestalt.edu.mx\/home\/wp-json\/wp\/v2\/users\/1"}],"replies":[{"embeddable":true,"href":"https:\/\/institutodegestalt.edu.mx\/home\/wp-json\/wp\/v2\/comments?post=58"}],"version-history":[{"count":1,"href":"https:\/\/institutodegestalt.edu.mx\/home\/wp-json\/wp\/v2\/pages\/58\/revisions"}],"predecessor-version":[{"id":60,"href":"https:\/\/institutodegestalt.edu.mx\/home\/wp-json\/wp\/v2\/pages\/58\/revisions\/60"}],"wp:attachment":[{"href":"https:\/\/institutodegestalt.edu.mx\/home\/wp-json\/wp\/v2\/media?parent=58"}],"curies":[{"name":"wp","href":"https:\/\/api.w.org\/{rel}","templated":true}]}}