{"id":55,"date":"2020-07-12T23:30:31","date_gmt":"2020-07-12T23:30:31","guid":{"rendered":"http:\/\/institutodegestalt.edu.mx\/home\/?page_id=55"},"modified":"2025-12-19T14:06:01","modified_gmt":"2025-12-19T20:06:01","slug":"historia","status":"publish","type":"page","link":"https:\/\/institutodegestalt.edu.mx\/home\/historia\/","title":{"rendered":"Historia"},"content":{"rendered":"\n<p><strong><u>NUESTRA HISTORIA<\/u><\/strong><\/p>\n\n\n\n<p>El Instituto de Gestalt ha venido desarrollando una labor formativa de especialistas en el campo de la orientaci\u00f3n individual y grupal en la Ciudad de Cuernavaca desde agosto de 1990, tiempo en el cual se destacan dos per\u00edodos: el primero del a\u00f1o de 1990 a 1995 como una extensi\u00f3n del Instituto Humanista de Psicoterapia Gestalt (IHPG) y el segundo de 1995 a la fecha como Instituto de Gestalt. Estos a\u00f1os de trabajo constante, sistem\u00e1tico y organizado han redituado en experiencia, retroalimentaci\u00f3n y enriquecimiento del trabajo acad\u00e9mico que fortalece el modelo de formaci\u00f3n de profesionales en el campo de la Psicoterapia y del Desarrollo Humano.<\/p>\n\n\n\n<p>A partir de 1999 nuestros programas de Especialidad en Enfoque Centrado en la Persona y Especialidad en Psicoterapia Gestalt obtienen el Reconocimiento de Validez Oficial. Empezamos a impartir programas de Constelaciones Familiares Humanistas en el 2000. En 2002 iniciamos nuestro trabajo con Psicoterapia Energ\u00e9tica y en 2008 en Sincronizaci\u00f3n Cerebral, siendo pioneros en ambos campos en M\u00e9xico. A partir de 2007 iniciamos con el programa, \u00fanico en su g\u00e9nero, de Licenciatura en Desarrollo Humano, Finalmente en el 2013 dimos inicio a la Maestr\u00eda en Educaci\u00f3n Centrada en la Persona.<\/p>\n","protected":false},"excerpt":{"rendered":"<p>NUESTRA HISTORIA El Instituto de Gestalt ha venido desarrollando una labor formativa de especialistas en el campo de la orientaci\u00f3n individual y grupal en la Ciudad de Cuernavaca desde agosto de 1990, tiempo en el cual se destacan dos per\u00edodos: el primero del a\u00f1o de 1990 a 1995 como una extensi\u00f3n del Instituto Humanista de [&hellip;]<\/p>\n","protected":false},"author":1,"featured_media":0,"parent":0,"menu_order":0,"comment_status":"closed","ping_status":"closed","template":"","meta":{"two_page_speed":{"current_score":{"desktop_score":80,"desktop_tti":"0.5\u00a0","mobile_score":98,"mobile_tti":"1.8\u00a0","date":"19.12.2025 02:06:22 pm","status":"completed"}},"footnotes":""},"class_list":["post-55","page","type-page","status-publish","hentry"],"_links":{"self":[{"href":"https:\/\/institutodegestalt.edu.mx\/home\/wp-json\/wp\/v2\/pages\/55","targetHints":{"allow":["GET"]}}],"collection":[{"href":"https:\/\/institutodegestalt.edu.mx\/home\/wp-json\/wp\/v2\/pages"}],"about":[{"href":"https:\/\/institutodegestalt.edu.mx\/home\/wp-json\/wp\/v2\/types\/page"}],"author":[{"embeddable":true,"href":"https:\/\/institutodegestalt.edu.mx\/home\/wp-json\/wp\/v2\/users\/1"}],"replies":[{"embeddable":true,"href":"https:\/\/institutodegestalt.edu.mx\/home\/wp-json\/wp\/v2\/comments?post=55"}],"version-history":[{"count":1,"href":"https:\/\/institutodegestalt.edu.mx\/home\/wp-json\/wp\/v2\/pages\/55\/revisions"}],"predecessor-version":[{"id":57,"href":"https:\/\/institutodegestalt.edu.mx\/home\/wp-json\/wp\/v2\/pages\/55\/revisions\/57"}],"wp:attachment":[{"href":"https:\/\/institutodegestalt.edu.mx\/home\/wp-json\/wp\/v2\/media?parent=55"}],"curies":[{"name":"wp","href":"https:\/\/api.w.org\/{rel}","templated":true}]}}