{"id":52,"date":"2020-07-12T23:29:34","date_gmt":"2020-07-12T23:29:34","guid":{"rendered":"http:\/\/institutodegestalt.edu.mx\/home\/?page_id=52"},"modified":"2025-12-19T11:37:24","modified_gmt":"2025-12-19T17:37:24","slug":"vision","status":"publish","type":"page","link":"https:\/\/institutodegestalt.edu.mx\/home\/vision\/","title":{"rendered":"Visi\u00f3n"},"content":{"rendered":"\n<p><strong><u>VISI\u00d3N<\/u><\/strong><\/p>\n\n\n\n<p>Ser un lugar con los recursos humanos, tecnol\u00f3gicos materiales y calidez en el que las personas de la comunidad encuentren un espacio para su desarrollo integral y donde se capaciten para colaborar con el crecimiento de otros a trav\u00e9s de la realizaci\u00f3n de actividades educacionales de la m\u00e1s alta calidad.<\/p>\n","protected":false},"excerpt":{"rendered":"<p>VISI\u00d3N Ser un lugar con los recursos humanos, tecnol\u00f3gicos materiales y calidez en el que las personas de la comunidad encuentren un espacio para su desarrollo integral y donde se capaciten para colaborar con el crecimiento de otros a trav\u00e9s de la realizaci\u00f3n de actividades educacionales de la m\u00e1s alta calidad.<\/p>\n","protected":false},"author":1,"featured_media":0,"parent":0,"menu_order":0,"comment_status":"closed","ping_status":"closed","template":"","meta":{"two_page_speed":{"current_score":{"desktop_score":80,"desktop_tti":"0.5\u00a0","mobile_score":98,"mobile_tti":"1.8\u00a0","date":"19.12.2025 11:37:46 am","status":"completed"}},"footnotes":""},"class_list":["post-52","page","type-page","status-publish","hentry"],"_links":{"self":[{"href":"https:\/\/institutodegestalt.edu.mx\/home\/wp-json\/wp\/v2\/pages\/52","targetHints":{"allow":["GET"]}}],"collection":[{"href":"https:\/\/institutodegestalt.edu.mx\/home\/wp-json\/wp\/v2\/pages"}],"about":[{"href":"https:\/\/institutodegestalt.edu.mx\/home\/wp-json\/wp\/v2\/types\/page"}],"author":[{"embeddable":true,"href":"https:\/\/institutodegestalt.edu.mx\/home\/wp-json\/wp\/v2\/users\/1"}],"replies":[{"embeddable":true,"href":"https:\/\/institutodegestalt.edu.mx\/home\/wp-json\/wp\/v2\/comments?post=52"}],"version-history":[{"count":1,"href":"https:\/\/institutodegestalt.edu.mx\/home\/wp-json\/wp\/v2\/pages\/52\/revisions"}],"predecessor-version":[{"id":54,"href":"https:\/\/institutodegestalt.edu.mx\/home\/wp-json\/wp\/v2\/pages\/52\/revisions\/54"}],"wp:attachment":[{"href":"https:\/\/institutodegestalt.edu.mx\/home\/wp-json\/wp\/v2\/media?parent=52"}],"curies":[{"name":"wp","href":"https:\/\/api.w.org\/{rel}","templated":true}]}}