{"id":49,"date":"2020-07-12T23:28:08","date_gmt":"2020-07-12T23:28:08","guid":{"rendered":"http:\/\/institutodegestalt.edu.mx\/home\/?page_id=49"},"modified":"2025-12-19T23:21:37","modified_gmt":"2025-12-20T05:21:37","slug":"mision","status":"publish","type":"page","link":"https:\/\/institutodegestalt.edu.mx\/home\/mision\/","title":{"rendered":"Misi\u00f3n"},"content":{"rendered":"\n<p><strong>MISI\u00d3N<\/strong><\/p>\n\n\n\n<p>Nuestro compromiso fundamental es mejorar y enriquecer el funcionamiento de individuos, parejas, familias, organizaciones de trabajo y la comunidad en general. Fomentar el crecimiento, la apertura, la comunicaci\u00f3n, el cambio positivo, as\u00ed como favorecer la manifestaci\u00f3n de las potencialidades humanas a trav\u00e9s de la formaci\u00f3n de orientadores, psicoterapeutas y educadores desde la perspectiva Humanista.<\/p>\n","protected":false},"excerpt":{"rendered":"<p>MISI\u00d3N Nuestro compromiso fundamental es mejorar y enriquecer el funcionamiento de individuos, parejas, familias, organizaciones de trabajo y la comunidad en general. Fomentar el crecimiento, la apertura, la comunicaci\u00f3n, el cambio positivo, as\u00ed como favorecer la manifestaci\u00f3n de las potencialidades humanas a trav\u00e9s de la formaci\u00f3n de orientadores, psicoterapeutas y educadores desde la perspectiva Humanista.<\/p>\n","protected":false},"author":1,"featured_media":0,"parent":0,"menu_order":0,"comment_status":"closed","ping_status":"closed","template":"","meta":{"two_page_speed":{"current_score":{"desktop_score":77,"desktop_tti":"0.7\u00a0","mobile_score":83,"mobile_tti":"3.5\u00a0","date":"19.12.2025 11:32:06 am","status":"error_no_score"}},"footnotes":""},"class_list":["post-49","page","type-page","status-publish","hentry"],"_links":{"self":[{"href":"https:\/\/institutodegestalt.edu.mx\/home\/wp-json\/wp\/v2\/pages\/49","targetHints":{"allow":["GET"]}}],"collection":[{"href":"https:\/\/institutodegestalt.edu.mx\/home\/wp-json\/wp\/v2\/pages"}],"about":[{"href":"https:\/\/institutodegestalt.edu.mx\/home\/wp-json\/wp\/v2\/types\/page"}],"author":[{"embeddable":true,"href":"https:\/\/institutodegestalt.edu.mx\/home\/wp-json\/wp\/v2\/users\/1"}],"replies":[{"embeddable":true,"href":"https:\/\/institutodegestalt.edu.mx\/home\/wp-json\/wp\/v2\/comments?post=49"}],"version-history":[{"count":1,"href":"https:\/\/institutodegestalt.edu.mx\/home\/wp-json\/wp\/v2\/pages\/49\/revisions"}],"predecessor-version":[{"id":51,"href":"https:\/\/institutodegestalt.edu.mx\/home\/wp-json\/wp\/v2\/pages\/49\/revisions\/51"}],"wp:attachment":[{"href":"https:\/\/institutodegestalt.edu.mx\/home\/wp-json\/wp\/v2\/media?parent=49"}],"curies":[{"name":"wp","href":"https:\/\/api.w.org\/{rel}","templated":true}]}}