{"id":46,"date":"2020-07-12T23:26:29","date_gmt":"2020-07-12T23:26:29","guid":{"rendered":"http:\/\/institutodegestalt.edu.mx\/home\/?page_id=46"},"modified":"2025-12-19T13:03:00","modified_gmt":"2025-12-19T19:03:00","slug":"nosotros","status":"publish","type":"page","link":"https:\/\/institutodegestalt.edu.mx\/home\/nosotros\/","title":{"rendered":"Nosotros"},"content":{"rendered":"\n<p><strong>NOSOTROS<\/strong><\/p>\n\n\n\n<p>El Instituto de Gestalt busca promover el desarrollo humano en el \u00e1mbito personal y comunitario a trav\u00e9s de la formaci\u00f3n de orientadores, facilitadores de la comunicaci\u00f3n, educadores y psicoterapeutas, as\u00ed como a trav\u00e9s de actividades educativas que favorezcan el crecimiento personal.<\/p>\n\n\n\n<p>Nuestros programas acad\u00e9micos tienen como base las actitudes Rogerianas. Buscamos generar en cada uno de nuestros estudiantes una actitud emp\u00e1tica, de respeto y consideraci\u00f3n positiva incondicional hacia los dem\u00e1s, as\u00ed como tambi\u00e9n una congruencia interna; para que a partir de ellas faciliten el proceso de desarrollo de otras personas. Por lo anterior, la Especialidad de Enfoque Centrado en la Persona es la puerta de entrada a la mayor\u00eda de nuestras opciones educativas. Nuestros programas se distinguen por mantener los valores y la perspectiva humanistas. De esta forma garantizamos que el trabajo de nuestros egresados mantenga este enfoque.<\/p>\n\n\n\n<p>Contamos con programas \u00fanicos en el Estado, como son la Licenciatura en Desarrollo Humano, la Maestr\u00eda en Educaci\u00f3n Centrada en la Persona y la Especialidad en Psicoterapia Gestalt. Todos estos programas cuentan con Reconocimiento de Validez Oficial.<\/p>\n\n\n\n<p>Tambi\u00e9n \u00fanicas en el Estado son las formaciones en Psicoterapia Energ\u00e9tica, Sincronizaci\u00f3n Cerebral y en Constelaciones Familiares Humanistas. En nuestros programas el estudiante lleva de manera simult\u00e1nea un proceso terap\u00e9utico personal, potencializando as\u00ed sus capacidades como facilitador.<\/p>\n\n\n\n<p>El dise\u00f1o del modelo curricular es el resultado del trabajo interacad\u00e9mico que integra las experiencias de a\u00f1os de trabajo ininterrumpido y la recuperaci\u00f3n de las aportaciones m\u00e1s actuales en el campo de la Psicoterapia y la Educaci\u00f3n Humanista.<\/p>\n","protected":false},"excerpt":{"rendered":"<p>NOSOTROS El Instituto de Gestalt busca promover el desarrollo humano en el \u00e1mbito personal y comunitario a trav\u00e9s de la formaci\u00f3n de orientadores, facilitadores de la comunicaci\u00f3n, educadores y psicoterapeutas, as\u00ed como a trav\u00e9s de actividades educativas que favorezcan el crecimiento personal. Nuestros programas acad\u00e9micos tienen como base las actitudes Rogerianas. Buscamos generar en cada [&hellip;]<\/p>\n","protected":false},"author":1,"featured_media":0,"parent":0,"menu_order":0,"comment_status":"closed","ping_status":"closed","template":"","meta":{"two_page_speed":{"current_score":{"desktop_score":80,"desktop_tti":"0.5\u00a0","mobile_score":98,"mobile_tti":"1.8\u00a0","date":"19.12.2025 01:03:22 pm","status":"completed"}},"footnotes":""},"class_list":["post-46","page","type-page","status-publish","hentry"],"_links":{"self":[{"href":"https:\/\/institutodegestalt.edu.mx\/home\/wp-json\/wp\/v2\/pages\/46","targetHints":{"allow":["GET"]}}],"collection":[{"href":"https:\/\/institutodegestalt.edu.mx\/home\/wp-json\/wp\/v2\/pages"}],"about":[{"href":"https:\/\/institutodegestalt.edu.mx\/home\/wp-json\/wp\/v2\/types\/page"}],"author":[{"embeddable":true,"href":"https:\/\/institutodegestalt.edu.mx\/home\/wp-json\/wp\/v2\/users\/1"}],"replies":[{"embeddable":true,"href":"https:\/\/institutodegestalt.edu.mx\/home\/wp-json\/wp\/v2\/comments?post=46"}],"version-history":[{"count":1,"href":"https:\/\/institutodegestalt.edu.mx\/home\/wp-json\/wp\/v2\/pages\/46\/revisions"}],"predecessor-version":[{"id":48,"href":"https:\/\/institutodegestalt.edu.mx\/home\/wp-json\/wp\/v2\/pages\/46\/revisions\/48"}],"wp:attachment":[{"href":"https:\/\/institutodegestalt.edu.mx\/home\/wp-json\/wp\/v2\/media?parent=46"}],"curies":[{"name":"wp","href":"https:\/\/api.w.org\/{rel}","templated":true}]}}