{"id":436,"date":"2024-10-25T07:57:12","date_gmt":"2024-10-25T13:57:12","guid":{"rendered":"http:\/\/institutodegestalt.edu.mx\/home\/?page_id=436"},"modified":"2025-12-19T23:22:06","modified_gmt":"2025-12-20T05:22:06","slug":"oferta-academica-agosto-de-2025","status":"publish","type":"page","link":"https:\/\/institutodegestalt.edu.mx\/home\/oferta-academica-agosto-de-2025\/","title":{"rendered":"Oferta acad\u00e9mica Agosto de 2025"},"content":{"rendered":"\n<ul class=\"wp-block-list\">\n<li><a href=\"https:\/\/institutodegestalt.edu.mx\/home\/licenciatura-en-desarrollo-humano\/\"><mark style=\"background-color:rgba(0, 0, 0, 0)\" class=\"has-inline-color has-vivid-cyan-blue-color\">Licenciatura en Desarrollo Humano<\/mark><\/a><br>Presencial: Lunes a Jueves de 8:00 a 13:30 Hrs.<\/li>\n\n\n\n<li><a href=\"https:\/\/institutodegestalt.edu.mx\/home\/maestria\/\"><mark style=\"background-color:rgba(0, 0, 0, 0)\" class=\"has-inline-color has-vivid-cyan-blue-color\">Maestr\u00eda en Educaci\u00f3n Centrada en la Persona<\/mark><\/a><br><em>En l\u00ednea: Mi\u00e9rcoles de 17:00 a 21:00 hrs y S\u00e1bado de 9:00 a 11:00<\/em>\u00a0hrs<\/li>\n\n\n\n<li><a href=\"https:\/\/institutodegestalt.edu.mx\/home\/maestria-en-coaching-y-desarrollo-organizacional\/\"><mark style=\"background-color:rgba(0, 0, 0, 0)\" class=\"has-inline-color has-vivid-cyan-blue-color\">Maestr\u00eda en Coaching y Desarrollo Organizacional<\/mark><\/a><br><em>En l\u00ednea:\u00a0Mi\u00e9rcoles de 17:00\u00a0a 21:00 hrs y\u00a0S\u00e1bado de 9:00 a 11:00\u00a0hrs<\/em><\/li>\n\n\n\n<li><a href=\"https:\/\/institutodegestalt.edu.mx\/home\/especialidad-en-enfoque-centrado-en-la-persona\/\"><mark style=\"background-color:rgba(0, 0, 0, 0)\" class=\"has-inline-color has-vivid-cyan-blue-color\">Especialidad en Enfoque Centrado en la Persona<\/mark><\/a><br><em>Presencial: Mi\u00e9rcoles de 9:30 a 13:30 hrs<br>En l\u00ednea: Mi\u00e9rcoles de 17:00 a 21:00 hrs<\/em><\/li>\n\n\n\n<li><a href=\"https:\/\/institutodegestalt.edu.mx\/home\/especialidad-en-psicoterapia-gestalt\/\"><mark style=\"background-color:rgba(0, 0, 0, 0)\" class=\"has-inline-color has-vivid-cyan-blue-color\">Especialidad en Psicoterapia Gestalt<\/mark><\/a><br><em>Presencial: Mi\u00e9rcoles de 9:30 a 13:30 hrs<br>En l\u00ednea: Jueves de 17:00 a 21:00 hrs<\/em><\/li>\n\n\n\n<li><a href=\"https:\/\/institutodegestalt.edu.mx\/home\/constelaciones-familiares\/\"><mark style=\"background-color:rgba(0, 0, 0, 0)\" class=\"has-inline-color has-vivid-cyan-blue-color\">Formaci\u00f3n en Constelaciones Familiares<\/mark><\/a><br><em>Presencial: Jueves de 9:00 a 14:00 hrs<\/em><\/li>\n\n\n\n<li>Psicoterapia Energ\u00e9tica<br><em>Presencial: Mi\u00e9rcoles de 9:30 a 13:30 hrs<\/em><\/li>\n<\/ul>\n\n\n\n<ul class=\"wp-block-list\">\n<li><a href=\"https:\/\/institutodegestalt.edu.mx\/home\/diplomado-en-adicciones-y-codependencia\/\"><mark style=\"background-color:rgba(0, 0, 0, 0)\" class=\"has-inline-color has-vivid-cyan-blue-color\">Adicciones y Codependencia<\/mark><\/a><br>Presencial<em>: Viernes de 9:30 a 12:30 hrs<\/em><\/li>\n<\/ul>\n\n\n\n<ul class=\"wp-block-list\">\n<li><a href=\"https:\/\/institutodegestalt.edu.mx\/home\/tanatologia\/\"><mark style=\"background-color:rgba(0, 0, 0, 0)\" class=\"has-inline-color has-vivid-cyan-blue-color\">Tanatolog\u00eda Humanista<\/mark><\/a><br><em>Virtual : Martes de 17:00 a 21:00 hrs<\/em><\/li>\n<\/ul>\n\n\n\n<ul class=\"wp-block-list\">\n<li>Psicopatolog\u00eda para Humanistas<br><em>Virtual: Lunes de 17:00 a 19:00 hrs<\/em>.<\/li>\n<\/ul>\n\n\n\n<p><\/p>\n","protected":false},"excerpt":{"rendered":"","protected":false},"author":2,"featured_media":0,"parent":0,"menu_order":0,"comment_status":"closed","ping_status":"closed","template":"","meta":{"two_page_speed":{"current_score":{"desktop_score":100,"desktop_tti":"0.5\u00a0","mobile_score":96,"mobile_tti":"2.6\u00a0","date":"11.12.2025 02:28:51 pm","status":"error_no_score"}},"footnotes":""},"class_list":["post-436","page","type-page","status-publish","hentry"],"_links":{"self":[{"href":"https:\/\/institutodegestalt.edu.mx\/home\/wp-json\/wp\/v2\/pages\/436","targetHints":{"allow":["GET"]}}],"collection":[{"href":"https:\/\/institutodegestalt.edu.mx\/home\/wp-json\/wp\/v2\/pages"}],"about":[{"href":"https:\/\/institutodegestalt.edu.mx\/home\/wp-json\/wp\/v2\/types\/page"}],"author":[{"embeddable":true,"href":"https:\/\/institutodegestalt.edu.mx\/home\/wp-json\/wp\/v2\/users\/2"}],"replies":[{"embeddable":true,"href":"https:\/\/institutodegestalt.edu.mx\/home\/wp-json\/wp\/v2\/comments?post=436"}],"version-history":[{"count":8,"href":"https:\/\/institutodegestalt.edu.mx\/home\/wp-json\/wp\/v2\/pages\/436\/revisions"}],"predecessor-version":[{"id":509,"href":"https:\/\/institutodegestalt.edu.mx\/home\/wp-json\/wp\/v2\/pages\/436\/revisions\/509"}],"wp:attachment":[{"href":"https:\/\/institutodegestalt.edu.mx\/home\/wp-json\/wp\/v2\/media?parent=436"}],"curies":[{"name":"wp","href":"https:\/\/api.w.org\/{rel}","templated":true}]}}