{"id":106,"date":"2020-07-13T04:03:49","date_gmt":"2020-07-13T04:03:49","guid":{"rendered":"http:\/\/institutodegestalt.edu.mx\/home\/?page_id=106"},"modified":"2025-12-19T17:51:01","modified_gmt":"2025-12-19T23:51:01","slug":"cursos-intensivos-de-fin-de-semana","status":"publish","type":"page","link":"https:\/\/institutodegestalt.edu.mx\/home\/cursos-intensivos-de-fin-de-semana\/","title":{"rendered":"Cursos Intensivos de Fin de Semana"},"content":{"rendered":"\n<p><strong>CURSOS INTENSIVOS DE FIN DE SEMANA<\/strong><\/p>\n\n\n\n<p>* Intensivo de Psicopatolog\u00eda<\/p>\n\n\n\n<p>* Intensivo de Grupo de Encuentro<\/p>\n\n\n\n<p>* Intensivo de Detecci\u00f3n de Alteraciones en el Aprendizaje<\/p>\n\n\n\n<p><strong>Para revisar calendarizaci\u00f3n vis\u00edtanos en:<\/strong><\/p>\n\n\n\n<p><a href=\"http:\/\/www.facebook.com\/InstitutoGestaltCuernavaca\" target=\"_blank\" rel=\"noopener\">http:\/\/www.facebook.com\/InstitutoGestaltCuernavaca<\/a><\/p>\n","protected":false},"excerpt":{"rendered":"<p>CURSOS INTENSIVOS DE FIN DE SEMANA * Intensivo de Psicopatolog\u00eda * Intensivo de Grupo de Encuentro * Intensivo de Detecci\u00f3n de Alteraciones en el Aprendizaje Para revisar calendarizaci\u00f3n vis\u00edtanos en: http:\/\/www.facebook.com\/InstitutoGestaltCuernavaca<\/p>\n","protected":false},"author":1,"featured_media":0,"parent":0,"menu_order":0,"comment_status":"closed","ping_status":"closed","template":"","meta":{"two_page_speed":{"current_score":{"desktop_score":80,"desktop_tti":"0.5\u00a0","mobile_score":98,"mobile_tti":"1.8\u00a0","date":"19.12.2025 05:51:22 pm","status":"completed"}},"footnotes":""},"class_list":["post-106","page","type-page","status-publish","hentry"],"_links":{"self":[{"href":"https:\/\/institutodegestalt.edu.mx\/home\/wp-json\/wp\/v2\/pages\/106","targetHints":{"allow":["GET"]}}],"collection":[{"href":"https:\/\/institutodegestalt.edu.mx\/home\/wp-json\/wp\/v2\/pages"}],"about":[{"href":"https:\/\/institutodegestalt.edu.mx\/home\/wp-json\/wp\/v2\/types\/page"}],"author":[{"embeddable":true,"href":"https:\/\/institutodegestalt.edu.mx\/home\/wp-json\/wp\/v2\/users\/1"}],"replies":[{"embeddable":true,"href":"https:\/\/institutodegestalt.edu.mx\/home\/wp-json\/wp\/v2\/comments?post=106"}],"version-history":[{"count":1,"href":"https:\/\/institutodegestalt.edu.mx\/home\/wp-json\/wp\/v2\/pages\/106\/revisions"}],"predecessor-version":[{"id":108,"href":"https:\/\/institutodegestalt.edu.mx\/home\/wp-json\/wp\/v2\/pages\/106\/revisions\/108"}],"wp:attachment":[{"href":"https:\/\/institutodegestalt.edu.mx\/home\/wp-json\/wp\/v2\/media?parent=106"}],"curies":[{"name":"wp","href":"https:\/\/api.w.org\/{rel}","templated":true}]}}