{"id":103,"date":"2020-07-13T04:02:37","date_gmt":"2020-07-13T04:02:37","guid":{"rendered":"http:\/\/institutodegestalt.edu.mx\/home\/?page_id=103"},"modified":"2025-12-19T11:38:23","modified_gmt":"2025-12-19T17:38:23","slug":"diplomado-en-etica","status":"publish","type":"page","link":"https:\/\/institutodegestalt.edu.mx\/home\/diplomado-en-etica\/","title":{"rendered":"Diplomado en \u00c9tica"},"content":{"rendered":"\n<p><strong><u>DIPLOMADO EN \u00c9TICA<\/u><\/strong><\/p>\n\n\n\n<p>La moral es un conjunto de normas externas que consideran qu\u00e9 es bueno y qu\u00e9&nbsp; es malo. Por otra parte, la \u00e9tica es una reflexi\u00f3n que implica una evaluaci\u00f3n que ejerce el sujeto que se sabe libre.<\/p>\n\n\n\n<p>En este diplomado integraremos las normas de conducta deseables dentro del espacio terap\u00e9utico, los valores, deberes y derechos de la profesi\u00f3n. Adem\u00e1s buscaremos desarrollar la capacidad de elecci\u00f3n consciente en ejercicio de la libertad en la toma de decisiones del participante.<\/p>\n\n\n\n<p><strong>DIRIGIDO A<\/strong><\/p>\n\n\n\n<p>Cualquier persona interesada en su desarrollo.<\/p>\n\n\n\n<p><strong>DURACI\u00d3N<\/strong><\/p>\n\n\n\n<p>Un semestre<\/p>\n\n\n\n<p><strong>HORARIO<\/strong><\/p>\n\n\n\n<p>Lunes de 10:00 a 13:00 horas<\/p>\n\n\n\n<p><strong>INICIO AL CAMBIO<\/strong><\/p>\n\n\n\n<p><\/p>\n","protected":false},"excerpt":{"rendered":"<p>DIPLOMADO EN \u00c9TICA La moral es un conjunto de normas externas que consideran qu\u00e9 es bueno y qu\u00e9&nbsp; es malo. Por otra parte, la \u00e9tica es una reflexi\u00f3n que implica una evaluaci\u00f3n que ejerce el sujeto que se sabe libre. En este diplomado integraremos las normas de conducta deseables dentro del espacio terap\u00e9utico, los valores, [&hellip;]<\/p>\n","protected":false},"author":1,"featured_media":0,"parent":0,"menu_order":0,"comment_status":"closed","ping_status":"closed","template":"","meta":{"two_page_speed":{"current_score":{"desktop_score":80,"desktop_tti":"0.5\u00a0","mobile_score":98,"mobile_tti":"1.8\u00a0","date":"19.12.2025 11:38:46 am","status":"completed"}},"footnotes":""},"class_list":["post-103","page","type-page","status-publish","hentry"],"_links":{"self":[{"href":"https:\/\/institutodegestalt.edu.mx\/home\/wp-json\/wp\/v2\/pages\/103","targetHints":{"allow":["GET"]}}],"collection":[{"href":"https:\/\/institutodegestalt.edu.mx\/home\/wp-json\/wp\/v2\/pages"}],"about":[{"href":"https:\/\/institutodegestalt.edu.mx\/home\/wp-json\/wp\/v2\/types\/page"}],"author":[{"embeddable":true,"href":"https:\/\/institutodegestalt.edu.mx\/home\/wp-json\/wp\/v2\/users\/1"}],"replies":[{"embeddable":true,"href":"https:\/\/institutodegestalt.edu.mx\/home\/wp-json\/wp\/v2\/comments?post=103"}],"version-history":[{"count":4,"href":"https:\/\/institutodegestalt.edu.mx\/home\/wp-json\/wp\/v2\/pages\/103\/revisions"}],"predecessor-version":[{"id":456,"href":"https:\/\/institutodegestalt.edu.mx\/home\/wp-json\/wp\/v2\/pages\/103\/revisions\/456"}],"wp:attachment":[{"href":"https:\/\/institutodegestalt.edu.mx\/home\/wp-json\/wp\/v2\/media?parent=103"}],"curies":[{"name":"wp","href":"https:\/\/api.w.org\/{rel}","templated":true}]}}